{"id":10609,"date":"2016-09-06T14:05:43","date_gmt":"2016-09-06T13:05:43","guid":{"rendered":"http:\/\/www.tomroc.com\/blog\/?page_id=10609"},"modified":"2025-09-08T10:48:24","modified_gmt":"2025-09-08T09:48:24","slug":"carte-des-sorties","status":"publish","type":"page","link":"https:\/\/www.tomroc.com\/blog\/carte-des-sorties\/","title":{"rendered":"Carte des sorties"},"content":{"rendered":"<p>[et_pb_section fb_built=&#8221;1&#8243; _builder_version=&#8221;4.16&#8243; custom_padding=&#8221;0px|0px|0px|0px||&#8221; global_colors_info=&#8221;{}&#8221;][et_pb_row _builder_version=&#8221;4.16&#8243; custom_padding=&#8221;||0px|||&#8221; global_colors_info=&#8221;{}&#8221;][et_pb_column type=&#8221;4_4&#8243; _builder_version=&#8221;4.16&#8243; custom_padding=&#8221;|||&#8221; global_colors_info=&#8221;{}&#8221; custom_padding__hover=&#8221;|||&#8221;][et_pb_text _builder_version=&#8221;4.16&#8243; global_colors_info=&#8221;{}&#8221;][\/et_pb_text][\/et_pb_column][\/et_pb_row][\/et_pb_section][et_pb_section fb_built=&#8221;1&#8243; fullwidth=&#8221;on&#8221; _builder_version=&#8221;4.16&#8243; global_colors_info=&#8221;{}&#8221;][et_pb_fullwidth_code _builder_version=&#8221;4.27.4&#8243; height=&#8221;1040px&#8221; custom_margin=&#8221;||||false|false&#8221; custom_padding=&#8221;20px||20px||false|false&#8221; global_colors_info=&#8221;{}&#8221;]\t\t<div id=\"maps-marker-pro-81f7a046\" class=\"maps-marker-pro mmp-list-left\" style=\"width: 100%;\">\n\t\t\t<div id=\"mmp-map-wrap-81f7a046\" class=\"mmp-map-wrap\">\n\t\t\t\t\t\t\t\t<div id=\"mmp-map-81f7a046\" class=\"mmp-map\" style=\"height: 1000px;\"><\/div>\n\t\t\t\t\t\t\t<\/div>\n\t\t\t\t\t\t\t<div id=\"mmp-list-81f7a046\" class=\"mmp-list\" style=\"flex-basis: 300px;\"><\/div>\n\t\t\t\t\t<\/div>\n\t\t[\/et_pb_fullwidth_code][\/et_pb_section][et_pb_section fb_built=&#8221;1&#8243; _builder_version=&#8221;4.16&#8243; background_color=&#8221;#ffffff&#8221; custom_padding=&#8221;40px||0px||false|false&#8221; global_colors_info=&#8221;{}&#8221;][et_pb_row _builder_version=&#8221;4.16&#8243; background_size=&#8221;initial&#8221; background_position=&#8221;top_left&#8221; background_repeat=&#8221;repeat&#8221; custom_margin=&#8221;-61px|auto||auto|false|false&#8221; custom_padding=&#8221;||90px||false|false&#8221; global_colors_info=&#8221;{}&#8221;][et_pb_column type=&#8221;4_4&#8243; _builder_version=&#8221;4.16&#8243; custom_padding=&#8221;|||&#8221; global_colors_info=&#8221;{}&#8221; custom_padding__hover=&#8221;|||&#8221;][et_pb_text _builder_version=&#8221;4.27.4&#8243; custom_padding=&#8221;39px|||||&#8221; global_colors_info=&#8221;{}&#8221;]<\/p>\n<p>Cette carte pr\u00e9sente la localisation de mes sorties. En cliquant sur un marqueur, on obtient la liste des sorties qui lui sont rattach\u00e9es, avec possibilit\u00e9 d\u2019acc\u00e9der \u00e0 l\u2019article correspondant sur le blog.<\/p>\n<h1>L\u00e9gende<\/h1>\n<h3><\/h3>\n<table border=\"0\">\n<tbody>\n<tr>\n<td><img decoding=\"async\" src=\"https:\/\/www.tomroc.com\/blog\/wp-content\/uploads\/maps-marker-pro\/icons\/glacier-2.png\" \/> Alpinisme \/ Cascade de glace<\/td>\n<td><img decoding=\"async\" src=\"https:\/\/www.tomroc.com\/blog\/wp-content\/uploads\/maps-marker-pro\/icons\/climbing.png\" \/> Escalade<\/td>\n<td><img decoding=\"async\" src=\"https:\/\/www.tomroc.com\/blog\/wp-content\/uploads\/maps-marker-pro\/icons\/nordicski.png\" \/> Ski de randonn\u00e9e \/ Ski<\/td>\n<\/tr>\n<tr>\n<td><img decoding=\"async\" src=\"https:\/\/www.tomroc.com\/blog\/wp-content\/uploads\/maps-marker-pro\/icons\/walkingtour.png\" \/> Randonn\u00e9e et trail<\/td>\n<td><img decoding=\"async\" src=\"https:\/\/www.tomroc.com\/blog\/wp-content\/uploads\/maps-marker-pro\/icons\/hiking.png\" \/> Via-ferrata<\/td>\n<td><img decoding=\"async\" src=\"https:\/\/www.tomroc.com\/blog\/wp-content\/uploads\/maps-marker-pro\/icons\/mine.png\" \/> Sous terre<\/td>\n<\/tr>\n<tr>\n<td><img decoding=\"async\" src=\"https:\/\/www.tomroc.com\/blog\/wp-content\/uploads\/maps-marker-pro\/icons\/bar_coktail.png\" \/> Tourisme<\/td>\n<td><img decoding=\"async\" src=\"https:\/\/www.tomroc.com\/blog\/wp-content\/uploads\/maps-marker-pro\/icons\/regroup.png\" \/> Autres<\/td>\n<td><img decoding=\"async\" src=\"https:\/\/www.tomroc.com\/blog\/wp-content\/uploads\/maps-marker-pro\/icons\/home.png\" \/> Refuges<\/td>\n<\/tr>\n<\/tbody>\n<\/table>\n<h3><\/h3>\n<h2>Utilisation de la carte<\/h2>\n<ul>\n<li>il est possible de <strong>changer le fond de carte<\/strong>, avec le bouton en haut \u00e0 droite, pour afficher au choix les cartes de google, openstreet maps, ou <strong>IGN <\/strong>TOP (25, 100 ..)<\/li>\n<li>la carte peut \u00eatre ouverte en plein \u00e9cran \u2013 deuxi\u00e8me bouton en haut \u00e0 gauche<\/li>\n<li>les diff\u00e9rentes cat\u00e9gories de sorties peuvent \u00eatre affich\u00e9es ou masqu\u00e9es<\/li>\n<\/ul>\n<h2>Les marqueurs<\/h2>\n<p>Par souci de lisibilit\u00e9, et puisque mon GPS n\u2019a pas syst\u00e9matiquement \u00e9t\u00e9 allum\u00e9 lors de chacune des mes journ\u00e9es en montagne, chaque marqueur peu repr\u00e9senter diff\u00e9rentes choses:<\/p>\n<ul>\n<li>une unique journ\u00e9e lors d\u2019une sortie, et une sortie en week-end comportera donc deux marqueurs,<\/li>\n<li>plusieurs jours de sortie \u2013 comme la randonn\u00e9e sur 6 jours autour du Vignemale dans les Pyr\u00e9n\u00e9es \u2013 peuvent \u00eatre rassembl\u00e9s sur un unique marqueur,<\/li>\n<li>un lieu autour duquel s\u2019effectue des sorties, par exemple \u00e0 Cogne en Italie o\u00f9 je suis souvent all\u00e9 faire de la cascade de glace.<\/li>\n<\/ul>\n<p>[\/et_pb_text][\/et_pb_column][\/et_pb_row][\/et_pb_section]<\/p>\n","protected":false},"excerpt":{"rendered":"<p>\t\t<div id=\"maps-marker-pro-1c37052e\" class=\"maps-marker-pro mmp-list-left\" style=\"width: 100%;\">\n\t\t\t<div id=\"mmp-map-wrap-1c37052e\" class=\"mmp-map-wrap\">\n\t\t\t\t\t\t\t\t<div id=\"mmp-map-1c37052e\" class=\"mmp-map\" style=\"height: 1000px;\"><\/div>\n\t\t\t\t\t\t\t<\/div>\n\t\t\t\t\t\t\t<div id=\"mmp-list-1c37052e\" class=\"mmp-list\" style=\"flex-basis: 300px;\"><\/div>\n\t\t\t\t\t<\/div>\n\t\tCette carte pr\u00e9sente la localisation de mes sorties. En cliquant sur un marqueur, on obtient la liste des sorties qui lui sont rattach\u00e9es, avec possibilit\u00e9 d\u2019acc\u00e9der \u00e0 l\u2019article correspondant sur le blog. L\u00e9gende Alpinisme \/ Cascade de glace Escalade Ski de randonn\u00e9e \/ Ski Randonn\u00e9e et trail Via-ferrata Sous terre Tourisme Autres Refuges Utilisation [&hellip;]<\/p>\n","protected":false},"author":1,"featured_media":0,"parent":0,"menu_order":0,"comment_status":"closed","ping_status":"closed","template":"","meta":{"_et_pb_use_builder":"on","_et_pb_old_content":"<p>[mk_page_section bg_image=\"https:\/\/www.tomroc.com\/blog\/wp-content\/uploads\/20120715-1814-10.jpg\" attachment=\"fixed\" bg_position=\"center center\" bg_stretch=\"true\" enable_3d=\"true\" bg_gradient=\"vertical\" video_color_mask=\"#000918\" gr_end=\"#013a9d\" video_opacity=\"0.3\" top_shape_color=\"#ffffff\" has_bottom_shape_divider=\"true\" bottom_shape_color=\"#f3f3f3\" sidebar=\"sidebar-1\"][vc_column][vc_empty_space height=\"30vh\"][mk_ornamental_title text_color=\"#ec6200\" font_family=\"Roboto\" font_type=\"google\" font_size=\"80\" font_weight=\"bold\" txt_transform=\"uppercase\" ornament_style=\"norman-short-double\" nss_align=\"center\" ornament_color=\"#ec6200\" ornament_thickness=\"2\"]Carte des sorties[\/mk_ornamental_title][vc_empty_space height=\"30vh\"][\/vc_column][\/mk_page_section][vc_row id=\"map\"][vc_column][vc_empty_space][vc_column_text]Cette carte pr\u00e9sente la localisation de mes sorties. En cliquant sur un marqueur, on obtient la liste des sorties qui lui sont rattach\u00e9es, avec possibilit\u00e9 d'acc\u00e9der \u00e0 l'article correspondant sur le blog.[\/vc_column_text][vc_empty_space height=\"16px\"][vc_row_inner el_id=\"map\"][vc_column_inner][vc_column_text][mapsmarker layer=\"3\"][\/vc_column_text][\/vc_column_inner][\/vc_row_inner][\/vc_column][\/vc_row][mk_page_section sidebar=\"sidebar-1\"][vc_column][vc_column_text]<\/p><h2>L\u00e9gende<\/h2><p>[\/vc_column_text][vc_row_inner][vc_column_inner width=\"1\/4\"][vc_column_text]<img class=\"alignnone\" src=\"https:\/\/www.tomroc.com\/blog\/wp-content\/uploads\/leaflet-maps-marker-icons\/walkingtour.png\" width=\"32\" height=\"37\" \/> Randonn\u00e9e et trail<\/p><p><img class=\"alignnone size-large\" src=\"https:\/\/www.tomroc.com\/blog\/wp-content\/uploads\/leaflet-maps-marker-icons\/mountains.png\" alt=\"\" width=\"32\" height=\"37\" \/> Alpinisme<\/p><p><img class=\"alignnone size-large\" src=\"https:\/\/www.tomroc.com\/blog\/wp-content\/uploads\/leaflet-maps-marker-icons\/glacier-2.png\" alt=\"\" width=\"32\" height=\"37\" \/> Alpinisme : Cascade de glace[\/vc_column_text][\/vc_column_inner][vc_column_inner width=\"1\/4\"][vc_column_text]<img class=\"alignnone size-large\" src=\"https:\/\/www.tomroc.com\/blog\/wp-content\/uploads\/leaflet-maps-marker-icons\/nordicski.png\" alt=\"\" width=\"32\" height=\"37\" \/> Ski de randonn\u00e9e<\/p><p><img class=\"alignnone size-large\" src=\"https:\/\/www.tomroc.com\/blog\/wp-content\/uploads\/leaflet-maps-marker-icons\/climbing.png\" alt=\"\" width=\"32\" height=\"37\" \/> Escalade[\/vc_column_text][\/vc_column_inner][vc_column_inner width=\"1\/4\"][vc_column_text]<img class=\"alignnone size-large\" src=\"https:\/\/www.tomroc.com\/blog\/wp-content\/uploads\/leaflet-maps-marker-icons\/hiking.png\" alt=\"\" width=\"32\" height=\"37\" \/> Via-ferrata<\/p><p><img class=\"alignnone size-large\" src=\"https:\/\/www.tomroc.com\/blog\/wp-content\/uploads\/leaflet-maps-marker-icons\/mine.png\" alt=\"\" width=\"32\" height=\"37\" \/> Sous-terre[\/vc_column_text][\/vc_column_inner][vc_column_inner width=\"1\/4\"][vc_column_text]<img class=\"alignnone size-large\" src=\"https:\/\/www.tomroc.com\/blog\/wp-content\/uploads\/leaflet-maps-marker-icons\/bar_coktail.png\" alt=\"\" width=\"32\" height=\"37\" \/> Tourisme<\/p><p><img class=\"alignnone size-large\" src=\"https:\/\/www.tomroc.com\/blog\/wp-content\/uploads\/leaflet-maps-marker-icons\/regroup.png\" alt=\"\" width=\"32\" height=\"37\" \/> Autres[\/vc_column_text][\/vc_column_inner][\/vc_row_inner][vc_column_text]<\/p><h3>\u00a0<\/h3><h3>Utilisation de la carte<\/h3><ul><li>il est possible de <strong>changer le fond de carte<\/strong>, avec le bouton en haut \u00e0 droite, pour afficher au choix les cartes de google, openstreet maps, ou <strong>IGN <\/strong>TOP (25, 100 ..)<\/li><li>la carte peut \u00eatre ouverte en plein \u00e9cran - deuxi\u00e8me bouton en haut \u00e0 gauche<\/li><li>les diff\u00e9rentes cat\u00e9gories de sorties peuvent \u00eatre affich\u00e9es ou masqu\u00e9es<\/li><\/ul><h3>Les marqueurs<\/h3><p>Par souci de lisibilit\u00e9, et puisque mon GPS n'a pas syst\u00e9matiquement \u00e9t\u00e9 allum\u00e9 lors de chacune des mes journ\u00e9es en montagne, chaque marqueur peu repr\u00e9senter diff\u00e9rentes choses:<\/p><ul><li>une unique journ\u00e9e lors d'une sortie, et une sortie en week-end comportera donc deux marqueurs,<\/li><li>plusieurs jours de sortie - comme la randonn\u00e9e sur 6 jours autour du Vignemale dans les Pyr\u00e9n\u00e9es - peuvent \u00eatre rassembl\u00e9s sur un unique marqueur,<\/li><li>un lieu autour duquel s'effectue des sorties, par exemple \u00e0 Cogne en Italie o\u00f9 je suis souvent all\u00e9 faire de la cascade de glace.<\/li><\/ul><p>[\/vc_column_text][\/vc_column][\/mk_page_section]<\/p>","_et_gb_content_width":"","footnotes":""},"class_list":["post-10609","page","type-page","status-publish","hentry"],"_links":{"self":[{"href":"https:\/\/www.tomroc.com\/blog\/wp-json\/wp\/v2\/pages\/10609","targetHints":{"allow":["GET"]}}],"collection":[{"href":"https:\/\/www.tomroc.com\/blog\/wp-json\/wp\/v2\/pages"}],"about":[{"href":"https:\/\/www.tomroc.com\/blog\/wp-json\/wp\/v2\/types\/page"}],"author":[{"embeddable":true,"href":"https:\/\/www.tomroc.com\/blog\/wp-json\/wp\/v2\/users\/1"}],"replies":[{"embeddable":true,"href":"https:\/\/www.tomroc.com\/blog\/wp-json\/wp\/v2\/comments?post=10609"}],"version-history":[{"count":8,"href":"https:\/\/www.tomroc.com\/blog\/wp-json\/wp\/v2\/pages\/10609\/revisions"}],"predecessor-version":[{"id":279295,"href":"https:\/\/www.tomroc.com\/blog\/wp-json\/wp\/v2\/pages\/10609\/revisions\/279295"}],"wp:attachment":[{"href":"https:\/\/www.tomroc.com\/blog\/wp-json\/wp\/v2\/media?parent=10609"}],"curies":[{"name":"wp","href":"https:\/\/api.w.org\/{rel}","templated":true}]}}