{"id":16178,"date":"2017-11-21T17:21:00","date_gmt":"2017-11-21T16:21:00","guid":{"rendered":"https:\/\/www.tomroc.com\/blog\/?page_id=16178"},"modified":"2024-12-10T14:01:43","modified_gmt":"2024-12-10T13:01:43","slug":"about","status":"publish","type":"page","link":"https:\/\/www.tomroc.com\/blog\/about\/","title":{"rendered":"A propos"},"content":{"rendered":"<p>[et_pb_section fb_built=&#8221;1&#8243; _builder_version=&#8221;4.16&#8243; custom_padding=&#8221;54px|0px|130px|0px&#8221; global_colors_info=&#8221;{}&#8221;][et_pb_row column_structure=&#8221;2_3,1_3&#8243; _builder_version=&#8221;4.16&#8243; global_colors_info=&#8221;{}&#8221;][et_pb_column type=&#8221;2_3&#8243; _builder_version=&#8221;4.16&#8243; custom_padding=&#8221;|||&#8221; global_colors_info=&#8221;{}&#8221; custom_padding__hover=&#8221;|||&#8221;][et_pb_image src=&#8221;https:\/\/www.tomroc.com\/blog\/wp-content\/uploads\/20141030-1206-1125.jpg&#8221; align_tablet=&#8221;center&#8221; align_phone=&#8221;&#8221; align_last_edited=&#8221;on|desktop&#8221; _builder_version=&#8221;4.16&#8243; custom_padding=&#8221;||62px|||&#8221; global_colors_info=&#8221;{}&#8221;][\/et_pb_image][\/et_pb_column][et_pb_column type=&#8221;1_3&#8243; _builder_version=&#8221;4.16&#8243; custom_padding=&#8221;|||&#8221; global_colors_info=&#8221;{}&#8221; custom_padding__hover=&#8221;|||&#8221;][et_pb_text _builder_version=&#8221;4.16&#8243; custom_padding=&#8221;|||&#8221; global_colors_info=&#8221;{}&#8221;]<\/p>\n<p>Vous voici sur le carnet de mes sorties, un blog personnel reflet de ma passion pour la montagne et la photographie.<\/p>\n<p>Il a pour vocation le souvenir de tous ces merveilleux moments v\u00e9cus avec mes compagnons d\u2019aventure, et permettre le partage avec un public plus large.<\/p>\n<p>Quelles que soient les conditions m\u00e9t\u00e9o, mon appareil photo ne me quitte jamais. Vous trouverez ici de nombreuses photos illustrant toutes ces sorties, ainsi qu\u2019une s\u00e9lection de celles que je trouve les plus int\u00e9ressantes.<\/p>\n<p>[\/et_pb_text][\/et_pb_column][\/et_pb_row][et_pb_row column_structure=&#8221;2_5,3_5&#8243; _builder_version=&#8221;4.16&#8243; global_colors_info=&#8221;{}&#8221;][et_pb_column type=&#8221;2_5&#8243; _builder_version=&#8221;4.16&#8243; custom_padding=&#8221;|||&#8221; global_colors_info=&#8221;{}&#8221; custom_padding__hover=&#8221;|||&#8221;][et_pb_text _builder_version=&#8221;4.16&#8243; custom_padding=&#8221;|0px||||&#8221; global_colors_info=&#8221;{}&#8221;]<\/p>\n<p>Comment en arrive-t-on \u00e0 d\u00e9couvrir l&#8217;alpinisme alors que l&#8217;on vit \u00e0 Paris ? J&#8217;ai d\u00e9but\u00e9 la randonn\u00e9e avec un coll\u00e8gue qui m&#8217;a propos\u00e9 d&#8217;aller affronter le GR20 avec lui, en dehors des p\u00e9riodes d&#8217;affluence. Nous avons alors \u00e9t\u00e9 confront\u00e9s \u00e0 deux journ\u00e9es les pieds dans la neige, dont les raides pentes du c\u00e9l\u00e8bre Cirque de la solitude. Suite \u00e0 cet \u00e9pisode, nous nous sommes inscrits sur un stage de cascade de glace. A l\u2019\u00e9poque je commen\u00e7ais \u00e0 savoir utiliser des piolets traction mais il ne fallait pas me parler d\u2019aller faire de l\u2019escalade !<\/p>\n<p>Par la suite j\u2019ai diversifi\u00e9 ma pratique en alpinisme et j\u2019ai d\u00e9marr\u00e9 le ski de randonn\u00e9e, l\u2019escalade, la raquette \u00e0 neige et la via-ferrata avec des amis ou lors de multiples stages avec l\u2019UCPA ou Montagnes de la Terre.<\/p>\n<p>[\/et_pb_text][\/et_pb_column][et_pb_column type=&#8221;3_5&#8243; _builder_version=&#8221;4.16&#8243; custom_padding=&#8221;|||&#8221; global_colors_info=&#8221;{}&#8221; custom_padding__hover=&#8221;|||&#8221;][et_pb_image src=&#8221;https:\/\/www.tomroc.com\/blog\/wp-content\/uploads\/20190421-0909-156.jpg&#8221; _builder_version=&#8221;4.16&#8243; global_colors_info=&#8221;{}&#8221;][\/et_pb_image][\/et_pb_column][\/et_pb_row][et_pb_row _builder_version=&#8221;4.16&#8243; global_colors_info=&#8221;{}&#8221;][et_pb_column type=&#8221;4_4&#8243; _builder_version=&#8221;4.16&#8243; custom_padding=&#8221;|||&#8221; global_colors_info=&#8221;{}&#8221; custom_padding__hover=&#8221;|||&#8221;][et_pb_text _builder_version=&#8221;4.16&#8243; custom_padding=&#8221;|0px||||&#8221; global_colors_info=&#8221;{}&#8221;]<\/p>\n<p>En parall\u00e8le je me suis inscrit en club, et vous m\u2019avez alors peut-\u00eatre crois\u00e9 alors que j\u2019\u00e9tais membre du Club Alpin Fran\u00e7ais de Chamonix ou celui de Lyon, ou encore dans la section montagne du club ASVEL de Lyon.<\/p>\n<p>Depuis toujours j\u2019aime partager ma passion de la montagne et des aventures que l&#8217;on peut y vivre. D\u00e9sireux de continuer \u00e0 transmettre, et ce dans les meilleures conditions de s\u00e9curit\u00e9, je me suis lanc\u00e9 en 2015 dans l\u2019obtention des brevets n\u00e9cessaires \u00e0 l\u2019encadrement b\u00e9n\u00e9vole au sein du Club Alpin Fran\u00e7ais. Je suis Initiateur en alpinisme, et dans la sp\u00e9cialit\u00e9 cascade de glace que j\u2019affectionne particuli\u00e8rement et j&#8217;ai autrefois co-encadr\u00e9 en ski de randonn\u00e9e. J&#8217;ai par ailleurs \u00e9t\u00e9 un membre tr\u00e8s actif du CAF Ile de France, en tant que membre du comit\u00e9 de direction et responsable de la section Alpinisme pendant trois ans.<\/p>\n<p>Ma pratique s&#8217;est naturellement espac\u00e9e ces derni\u00e8res ann\u00e9es avec l&#8217;arriv\u00e9e de deux enfants mais je continue \u00e0 parcourir les montagnes et encadrer parfois, peut-\u00eatre aurons-nous l\u2019occasion de le faire ensemble ?<\/p>\n<p>&nbsp;<\/p>\n<p>[\/et_pb_text][\/et_pb_column][\/et_pb_row][et_pb_row _builder_version=&#8221;4.16&#8243; global_colors_info=&#8221;{}&#8221;][et_pb_column type=&#8221;4_4&#8243; _builder_version=&#8221;4.16&#8243; custom_padding=&#8221;|||&#8221; global_colors_info=&#8221;{}&#8221; custom_padding__hover=&#8221;|||&#8221;][et_pb_text _builder_version=&#8221;4.16&#8243; text_font=&#8221;Raleway||||||||&#8221; header_font=&#8221;Raleway||||||||&#8221; global_colors_info=&#8221;{}&#8221;]<\/p>\n<h1>Pour me contacter<\/h1>\n<p>[\/et_pb_text][et_pb_text _builder_version=&#8221;4.16&#8243; global_colors_info=&#8221;{}&#8221;]<\/p>\n<p>Je vous invite \u00e0 utiliser le formulaire ci-dessous.<\/p>\n<p>[\/et_pb_text][et_pb_contact_form submit_button_text=&#8221;Envoyer&#8221; module_id=&#8221;et_pb_contact_form_0&#8243; _builder_version=&#8221;4.16&#8243; _unique_id=&#8221;1f10a78a-f68e-4105-bebb-33a28923a9bc&#8221; title_font=&#8221;Raleway||||||||&#8221; form_field_font=&#8221;||||||||&#8221; custom_button=&#8221;on&#8221; button_text_color=&#8221;#000A1B&#8221; button_border_radius=&#8221;4px&#8221; button_font=&#8221;||||||||&#8221; border_width_all=&#8221;1px&#8221; border_color_all=&#8221;#a0a0a0&#8243; global_colors_info=&#8221;{}&#8221;][et_pb_contact_field field_id=&#8221;Name&#8221; field_title=&#8221;Nom&#8221; _builder_version=&#8221;4.16&#8243; global_colors_info=&#8221;{}&#8221; button_text_size__hover_enabled=&#8221;off&#8221; button_one_text_size__hover_enabled=&#8221;off&#8221; button_two_text_size__hover_enabled=&#8221;off&#8221; button_text_color__hover_enabled=&#8221;off&#8221; button_one_text_color__hover_enabled=&#8221;off&#8221; button_two_text_color__hover_enabled=&#8221;off&#8221; button_border_width__hover_enabled=&#8221;off&#8221; button_one_border_width__hover_enabled=&#8221;off&#8221; button_two_border_width__hover_enabled=&#8221;off&#8221; button_border_color__hover_enabled=&#8221;off&#8221; button_one_border_color__hover_enabled=&#8221;off&#8221; button_two_border_color__hover_enabled=&#8221;off&#8221; button_border_radius__hover_enabled=&#8221;off&#8221; button_one_border_radius__hover_enabled=&#8221;off&#8221; button_two_border_radius__hover_enabled=&#8221;off&#8221; button_letter_spacing__hover_enabled=&#8221;off&#8221; button_one_letter_spacing__hover_enabled=&#8221;off&#8221; button_two_letter_spacing__hover_enabled=&#8221;off&#8221; button_bg_color__hover_enabled=&#8221;off&#8221; button_one_bg_color__hover_enabled=&#8221;off&#8221; button_two_bg_color__hover_enabled=&#8221;off&#8221;][\/et_pb_contact_field][et_pb_contact_field field_id=&#8221;Email&#8221; field_title=&#8221;Adresse e-mail&#8221; field_type=&#8221;email&#8221; _builder_version=&#8221;4.16&#8243; global_colors_info=&#8221;{}&#8221; button_text_size__hover_enabled=&#8221;off&#8221; button_one_text_size__hover_enabled=&#8221;off&#8221; button_two_text_size__hover_enabled=&#8221;off&#8221; button_text_color__hover_enabled=&#8221;off&#8221; button_one_text_color__hover_enabled=&#8221;off&#8221; button_two_text_color__hover_enabled=&#8221;off&#8221; button_border_width__hover_enabled=&#8221;off&#8221; button_one_border_width__hover_enabled=&#8221;off&#8221; button_two_border_width__hover_enabled=&#8221;off&#8221; button_border_color__hover_enabled=&#8221;off&#8221; button_one_border_color__hover_enabled=&#8221;off&#8221; button_two_border_color__hover_enabled=&#8221;off&#8221; button_border_radius__hover_enabled=&#8221;off&#8221; button_one_border_radius__hover_enabled=&#8221;off&#8221; button_two_border_radius__hover_enabled=&#8221;off&#8221; button_letter_spacing__hover_enabled=&#8221;off&#8221; button_one_letter_spacing__hover_enabled=&#8221;off&#8221; button_two_letter_spacing__hover_enabled=&#8221;off&#8221; button_bg_color__hover_enabled=&#8221;off&#8221; button_one_bg_color__hover_enabled=&#8221;off&#8221; button_two_bg_color__hover_enabled=&#8221;off&#8221;][\/et_pb_contact_field][et_pb_contact_field field_id=&#8221;Message&#8221; field_title=&#8221;Message&#8221; field_type=&#8221;text&#8221; fullwidth_field=&#8221;on&#8221; _builder_version=&#8221;4.16&#8243; global_colors_info=&#8221;{}&#8221; button_text_size__hover_enabled=&#8221;off&#8221; button_one_text_size__hover_enabled=&#8221;off&#8221; button_two_text_size__hover_enabled=&#8221;off&#8221; button_text_color__hover_enabled=&#8221;off&#8221; button_one_text_color__hover_enabled=&#8221;off&#8221; button_two_text_color__hover_enabled=&#8221;off&#8221; button_border_width__hover_enabled=&#8221;off&#8221; button_one_border_width__hover_enabled=&#8221;off&#8221; button_two_border_width__hover_enabled=&#8221;off&#8221; button_border_color__hover_enabled=&#8221;off&#8221; button_one_border_color__hover_enabled=&#8221;off&#8221; button_two_border_color__hover_enabled=&#8221;off&#8221; button_border_radius__hover_enabled=&#8221;off&#8221; button_one_border_radius__hover_enabled=&#8221;off&#8221; button_two_border_radius__hover_enabled=&#8221;off&#8221; button_letter_spacing__hover_enabled=&#8221;off&#8221; button_one_letter_spacing__hover_enabled=&#8221;off&#8221; button_two_letter_spacing__hover_enabled=&#8221;off&#8221; button_bg_color__hover_enabled=&#8221;off&#8221; button_one_bg_color__hover_enabled=&#8221;off&#8221; button_two_bg_color__hover_enabled=&#8221;off&#8221;][\/et_pb_contact_field][\/et_pb_contact_form][\/et_pb_column][\/et_pb_row][\/et_pb_section]<\/p>\n","protected":false},"excerpt":{"rendered":"<p>Vous voici sur le carnet de mes sorties, un blog personnel reflet de ma passion pour la montagne et la photographie. Il a pour vocation le souvenir de tous ces merveilleux moments v\u00e9cus avec mes compagnons d\u2019aventure, et permettre le partage avec un public plus large. Quelles que soient les conditions m\u00e9t\u00e9o, mon appareil photo [&hellip;]<\/p>\n","protected":false},"author":1,"featured_media":0,"parent":0,"menu_order":0,"comment_status":"closed","ping_status":"closed","template":"","meta":{"_et_pb_use_builder":"on","_et_pb_old_content":"<p>[vc_row equal_height=\"yes\" content_placement=\"middle\" css=\".vc_custom_1466758773971{background-color: #f4f4f4 !important;}\"][vc_column width=\"2\/3\"][vc_single_image image=\"7210\" img_size=\"large\"][\/vc_column][vc_column width=\"1\/3\"][vc_message message_box_style=\"solid\" style=\"square\" message_box_color=\"white\" icon_fontawesome=\"fa fa-quote-left\"]Vous voici sur le carnet de mes sorties, un blog personnel reflet de ma passion pour la montagne et la photographie.<\/p><p>Il a pour vocation le souvenir de tous ces merveilleux moments v\u00e9cus avec mes compagnons d'aventure, et pourquoi pas permettre le partage avec un public plus large.<\/p><p>Quelques soient les conditions m\u00e9t\u00e9o, mon appareil photo ne me quitte jamais. Vous trouverez ici de nombreuses photos illustrant toutes ces sorties, ainsi qu'une s\u00e9lection de celles que je trouve les plus int\u00e9ressantes.<\/p><p>Tom[\/vc_message][\/vc_column][\/vc_row][vc_row][vc_column][vc_column_text]De mani\u00e8re probablement inhabituelle, j'ai d\u00e9but\u00e9 l'alpinisme suite \u00e0 une randonn\u00e9e sur le GR20 avec un ami, durant lequel nous avons \u00e9t\u00e9 confront\u00e9s aux pentes raides du c\u00e9l\u00e8bre Cirque de la solitude, enti\u00e8rement sous la neige. Suite \u00e0 cet \u00e9pisode, nous nous sommes inscrits sur un stage de cascade de glace. Si bien qu'\u00e0 l'\u00e9poque je savais mieux utiliser les piolets traction que cramponner, et il ne fallait pas me parler d'aller faire de l'escalade ! Par la suite j'ai diversifi\u00e9 ma pratique en alpinisme et j'ai d\u00e9marr\u00e9 le ski de randonn\u00e9e, l'escalade, la raquette \u00e0 neige et la via-ferrata avec des amis ou lors de multiples stages avec l'UCPA ou Montagnes de la Terre. En parall\u00e8le je me suis inscrit en club, et vous m'avez peut-\u00eatre crois\u00e9 alors que j'\u00e9tais membre du Club Alpin Fran\u00e7ais de Chamonix ou celui de Lyon, ou encore dans la section montagne du club ASVEL de Lyon.<\/p><p>Depuis toujours j'aime partager cette passion d'activit\u00e9s de montagne et la faire d\u00e9couvrir \u00e0 mon entourage. D\u00e9sireux de continuer \u00e0 transmettre, et ce dans les meilleures conditions de s\u00e9curit\u00e9, je me suis lanc\u00e9 en 2015 dans l'obtention des brevets n\u00e9cessaires \u00e0 l'encadrement b\u00e9n\u00e9vole au sein du Club Alpin Fran\u00e7ais. Je suis maintenant Initiateur en alpinisme et aussi dans la sp\u00e9cialit\u00e9 cascade de glace, que j'affectionne particuli\u00e8rement. Je suis par ailleurs un membre actif du CAF Ile de France, en tant que membre du comit\u00e9 de direction et responsable de la section Alpinisme.<\/p><p>Peut-\u00eatre aurons nous l'occasion d'aller grimper ou parcourir les montagnes ensemble prochainement ?[\/vc_column_text][vc_column_text]<\/p><h2>Pour me contacter<\/h2><p>Je vous invite \u00e0 utiliser le formulaire ci-dessous.<\/p><p>Les membres du CAF IDF peuvent me joindre via ma <a href=\"https:\/\/www.clubalpin-idf.com\/kifaikoi\/a=o_ALP&id=moreau.philippe\">page personnelle sur le 'KiFaiKoi'<\/a>.[\/vc_column_text][mk_contact_form style=\"corporate\" button_text=\"Envoyer\" bg_color=\"#ffffff\" border_color=\"#d3d3d3\" button_font_color=\"#ffffff\"][\/vc_column][\/vc_row]<\/p>","_et_gb_content_width":"","footnotes":""},"class_list":["post-16178","page","type-page","status-publish","hentry"],"_links":{"self":[{"href":"https:\/\/www.tomroc.com\/blog\/wp-json\/wp\/v2\/pages\/16178","targetHints":{"allow":["GET"]}}],"collection":[{"href":"https:\/\/www.tomroc.com\/blog\/wp-json\/wp\/v2\/pages"}],"about":[{"href":"https:\/\/www.tomroc.com\/blog\/wp-json\/wp\/v2\/types\/page"}],"author":[{"embeddable":true,"href":"https:\/\/www.tomroc.com\/blog\/wp-json\/wp\/v2\/users\/1"}],"replies":[{"embeddable":true,"href":"https:\/\/www.tomroc.com\/blog\/wp-json\/wp\/v2\/comments?post=16178"}],"version-history":[{"count":3,"href":"https:\/\/www.tomroc.com\/blog\/wp-json\/wp\/v2\/pages\/16178\/revisions"}],"predecessor-version":[{"id":279255,"href":"https:\/\/www.tomroc.com\/blog\/wp-json\/wp\/v2\/pages\/16178\/revisions\/279255"}],"wp:attachment":[{"href":"https:\/\/www.tomroc.com\/blog\/wp-json\/wp\/v2\/media?parent=16178"}],"curies":[{"name":"wp","href":"https:\/\/api.w.org\/{rel}","templated":true}]}}