{"id":322,"date":"2011-09-23T17:37:01","date_gmt":"2011-09-23T16:37:01","guid":{"rendered":"http:\/\/www.tomroc.com\/blog\/?page_id=322"},"modified":"2021-07-22T16:45:56","modified_gmt":"2021-07-22T15:45:56","slug":"hw-outdoor","status":"publish","type":"page","link":"https:\/\/www.tomroc.com\/blog\/hw-photo\/hw-outdoor\/","title":{"rendered":"Mat\u00e9riel de montagne"},"content":{"rendered":"<p>[et_pb_section fb_built=&#8221;1&#8243; _builder_version=&#8221;3.22&#8243; custom_padding=&#8221;54px|0px|100px|0px&#8221;][et_pb_row _builder_version=&#8221;3.25&#8243;][et_pb_column type=&#8221;4_4&#8243; _builder_version=&#8221;3.25&#8243; custom_padding=&#8221;|||&#8221; custom_padding__hover=&#8221;|||&#8221;][et_pb_text _builder_version=&#8221;4.0.11&#8243;]<\/p>\n<h1>Mat\u00e9riel de cord\u00e9e<\/h1>\n<h2>\u00a0Cordes<\/h2>\n<p>\u00a0<strong>Corde \u00e0 double<\/strong> :<\/p>\n<ul>\n<li>\n<ul>\n<li>B\u00e9al Cobra 2 (8,6mm) 60m (rose) et 54,5 m (vert)<\/li>\n<li>B\u00e9al Cobra 2 (8,6mm) 2 x 60m (bleu \/ orange) : 2016<\/li>\n<li>B\u00e9al Ice Line (8,1mm) 2 x 60m (bleu \/ jaune) :<\/li>\n<\/ul>\n<\/li>\n<li><strong>Corde \u00e0 simple<\/strong>\n<ul>\n<li>B\u00e9al Joker 60m (orange) : 2019<\/li>\n<\/ul>\n<\/li>\n<li><strong>Brins d\u2019attache<\/strong><\/li>\n<\/ul>\n<h2>\u00a0Rocher<\/h2>\n<ul>\n<li>8 x Black Diamond Camalot C4 : #.3 #.4 #.5 #.75 #1 #2 #3 #4<\/li>\n<li>6 x Totem Cams : #0.65 #0.8 #1 #1.25 #1.5 #1.8<\/li>\n<li>4 x Black Diamond Camalot C3 : #000 #00 #0 #1<\/li>\n<li>3 x Camp Ball nuts : #1 , #2 , #4<\/li>\n<li>7 x Black Diamond Hexentrics : #4 #5 #6 #7 #8 #9 #10<\/li>\n<li>2 x Wild Country Hexentric: #6 #9<\/li>\n<li>16 x Black Diamond Stopper :\n<ul>\n<li>#2 #3 #4 #5 #8 #9 #10 #11<\/li>\n<li>#5 #8 #9 #10 #11<\/li>\n<\/ul>\n<\/li>\n<\/ul>\n<h2>Neige et glace<\/h2>\n<h3>Broches \u00e0 glace<\/h3>\n<ul>\n<li>1 x Grivel 360 (21 cm)<\/li>\n<li>2 x Black Diamond Express (18 cm)<\/li>\n<li>6 x Black Diamond Express (15 cm)<\/li>\n<li>1 x Grivel 360 (15 cm)<\/li>\n<li>3 x Black Diamond Express (12 cm)<\/li>\n<\/ul>\n<h2>Ancres<\/h2>\n<ul>\n<li>2 x ancres \u00e0 neige (DMM + Fixe)<\/li>\n<li>2 x pieux \u00e0 neige 60 cm (Faders)<\/li>\n<li>2 x pieux \u00e0 neige 50 cm (Faders)<\/li>\n<\/ul>\n<h1>Suivi des textiles<\/h1>\n<ul>\n<li>corde longe \/ relais B\u00e9al Joker : 2016<\/li>\n<li>3 x anneau de sangle B\u00e9al Dyneema 6mm violet\/blanc 120 cm : 2017<\/li>\n<li>1 x anneau de sangle Fixe Dyneema 8mm rouge\/blanc 240 cm : 2017<\/li>\n<\/ul>\n<p>[\/et_pb_text][\/et_pb_column][\/et_pb_row][\/et_pb_section]<\/p>\n","protected":false},"excerpt":{"rendered":"<p>Mat\u00e9riel de cord\u00e9e \u00a0Cordes \u00a0Corde \u00e0 double : B\u00e9al Cobra 2 (8,6mm) 60m (rose) et 54,5 m (vert) B\u00e9al Cobra 2 (8,6mm) 2 x 60m (bleu \/ orange) : 2016 B\u00e9al Ice Line (8,1mm) 2 x 60m (bleu \/ jaune) : Corde \u00e0 simple B\u00e9al Joker 60m (orange) : 2019 Brins d\u2019attache \u00a0Rocher 8 x [&hellip;]<\/p>\n","protected":false},"author":1,"featured_media":0,"parent":2256,"menu_order":0,"comment_status":"closed","ping_status":"open","template":"","meta":{"_et_pb_use_builder":"on","_et_pb_old_content":"","_et_gb_content_width":"","footnotes":""},"class_list":["post-322","page","type-page","status-publish","hentry"],"_links":{"self":[{"href":"https:\/\/www.tomroc.com\/blog\/wp-json\/wp\/v2\/pages\/322","targetHints":{"allow":["GET"]}}],"collection":[{"href":"https:\/\/www.tomroc.com\/blog\/wp-json\/wp\/v2\/pages"}],"about":[{"href":"https:\/\/www.tomroc.com\/blog\/wp-json\/wp\/v2\/types\/page"}],"author":[{"embeddable":true,"href":"https:\/\/www.tomroc.com\/blog\/wp-json\/wp\/v2\/users\/1"}],"replies":[{"embeddable":true,"href":"https:\/\/www.tomroc.com\/blog\/wp-json\/wp\/v2\/comments?post=322"}],"version-history":[{"count":1,"href":"https:\/\/www.tomroc.com\/blog\/wp-json\/wp\/v2\/pages\/322\/revisions"}],"predecessor-version":[{"id":275177,"href":"https:\/\/www.tomroc.com\/blog\/wp-json\/wp\/v2\/pages\/322\/revisions\/275177"}],"up":[{"embeddable":true,"href":"https:\/\/www.tomroc.com\/blog\/wp-json\/wp\/v2\/pages\/2256"}],"wp:attachment":[{"href":"https:\/\/www.tomroc.com\/blog\/wp-json\/wp\/v2\/media?parent=322"}],"curies":[{"name":"wp","href":"https:\/\/api.w.org\/{rel}","templated":true}]}}